{"id":6316,"date":"2022-05-07T10:10:14","date_gmt":"2022-05-07T10:10:14","guid":{"rendered":"https:\/\/surmasterprojects.com\/?page_id=6316"},"modified":"2024-08-01T09:49:49","modified_gmt":"2024-08-01T09:49:49","slug":"politica-de-cookies-y-proteccion-de-datos","status":"publish","type":"page","link":"https:\/\/surmasterprojects.com\/en\/politica-de-cookies-y-proteccion-de-datos\/","title":{"rendered":"Cookies policy"},"content":{"rendered":"<p><strong>POL\u00cdTICA DE COOKIES<\/strong><br>Conforme a lo dispuesto en el art\u00edculo 22.2 de la Ley 34\/2002, de 11 de julio, de Servicios de la Sociedad de la<br>Informaci\u00f3n y de Comercio Electr\u00f3nico (LSSI-CE) vigente, PORTO TEAM SLU debe cumplir con la obligaci\u00f3n de<br>informar sobre las cookies que utiliza y sus finalidades.<\/p>\n\n\n\n<p><br>Este sitio web utiliza cookies y\/o tecnolog\u00edas similares que almacenan y recuperan informaci\u00f3n cuando navegas.<br>Una Cookie es un fichero que se descarga en su ordenador al acceder a determinadas p\u00e1ginas web. Las cookies<br>permiten a una p\u00e1gina web, entre otras cosas, almacenar y recuperar informaci\u00f3n sobre los h\u00e1bitos de<br>navegaci\u00f3n de un Usuario o de su equipo y, dependiendo de la informaci\u00f3n que contenga y de la forma en que<br>utilice su equipo, pueden utilizarse para reconocer al Usuario.<\/p>\n\n\n\n<p><br>Las cookies son esenciales para el funcionamiento de internet, aportando innumerables ventajas en la prestaci\u00f3n<br>de servicios interactivos, facilit\u00e1ndole al Usuario la navegaci\u00f3n y usabilidad de nuestra web.<br>El usuario puede modificar la configuraci\u00f3n personalizada <span style=\"text-decoration: underline;\">AQUI<\/span><\/p>\n\n\n\n<p><br>La informaci\u00f3n que le proporcionamos a continuaci\u00f3n, le ayudar\u00e1 a comprender los diferentes tipos de cookies:<\/p>\n\n\n\n<p>TIPOS DE COOKIES<\/p>\n\n\n\n<p>SEG\u00daN LA ENTIDAD QUE LAS GESTIONE<\/p>\n\n\n\n<p>COOKIES PROPIAS<\/p>\n\n\n\n<p>Son aquellas que se env\u00edan al equipo terminal del usuario desde un equipo o dominio gestionado por el propio editor y desde el que se presta el servicio solicitado por el usuario<\/p>\n\n\n\n<p>COOKIES DE TERCERO<\/p>\n\n\n\n<p>Son aquellas que se env\u00edan al equipo terminal del usuario desde un equipo o dominio que no es gestionado por el editor, sino por otra entidad que trata los datos obtenidos a trav\u00e9s de las cookies.<\/p>\n\n\n\n<p>SEG\u00daN EL PLAZO DE TIEMPO QUE PERMANEZCAN ACTIVADAS<\/p>\n\n\n\n<p>COOKIES DE SESI\u00d3N<\/p>\n\n\n\n<p>Son aquellas dise\u00f1adas para recabar y almacenar datos mientras el usuario accede a una p\u00e1gina web. Se suelen emplear para almacenar informaci\u00f3n que solo interesa conservar para la prestaci\u00f3n del servicio solicitado por el usuario en una sola ocasi\u00f3n (por ejemplo, una lista de productos adquiridos) y desaparecen al terminar la sesi\u00f3n<\/p>\n\n\n\n<p>COOKIES PERSISTENTES<\/p>\n\n\n\n<p>Son aquellas en las que los datos siguen almacenados en el terminal y pueden ser accedidos y tratados durante un periodo definido por el responsable de la cookie, y que puede ir de unos minutos a varios a\u00f1os.<\/p>\n\n\n\n<p>SEG\u00daN SU FINALIDAD<\/p>\n\n\n\n<p>COOKIES T\u00c9CNICAS<\/p>\n\n\n\n<p>Son aquellas que permiten al usuario la navegaci\u00f3n a trav\u00e9s de una p\u00e1gina web, plataforma o aplicaci\u00f3n y la utilizaci\u00f3n de las diferentes opciones o servicios que en ella existan<\/p>\n\n\n\n<p>COOKIES DE PERSONALIZACI\u00d3N<\/p>\n\n\n\n<p>Permiten aplicar caracter\u00edsticas propias para la navegaci\u00f3n del usuario por el website (Ej. idioma).<\/p>\n\n\n\n<p>COOKIES DE AN\u00c1LISIS<\/p>\n\n\n\n<p>Son aquellas que permiten al responsable de las mismas el seguimiento y an\u00e1lisis del comportamiento de los usuarios de los sitios web a los que est\u00e1n vinculadas, incluida la cuantificaci\u00f3n de los impactos de los anuncios. La informaci\u00f3n recogida mediante este tipo de cookies se utiliza en la medici\u00f3n de la actividad de los sitios web, aplicaci\u00f3n o plataforma, con el fin de introducir mejoras en funci\u00f3n del an\u00e1lisis de los datos de uso que hacen los usuarios del servicio.<\/p>\n\n\n\n<p>COOKIES PUBLICITARIAS<\/p>\n\n\n\n<p>Permiten al editor incluir en la p\u00e1gina web espacios publicitarios, seg\u00fan el contenido de la propia web.<\/p>\n\n\n\n<p>COOKIES DE PUBLICIDAD COMPORTAMENTAL<\/p>\n\n\n\n<p>Son aquellas que almacenan informaci\u00f3n del comportamiento de los usuarios obtenida a trav\u00e9s de la observaci\u00f3n continuada de sus h\u00e1bitos de navegaci\u00f3n, lo que permite desarrollar un perfil espec\u00edfico para mostrar publicidad en funci\u00f3n del<br>mismo.<\/p>\n\n\n\n<p>Adicionalmente, PORTO TEAM SLU informa de manera m\u00e1s detallada de las cookies que utiliza sus titulares, el<br>uso o finalidad concreta, los plazos de conservaci\u00f3n as\u00ed como de las Transferencias Internacionales de datos de<br>cada una de ellas utilizadas en nuestra p\u00e1gina web:<\/p>\n\n\n\n<p><\/p>\n\n\n\n<p><\/p>\n\n\n\n<p><\/p>\n\n\n\n<div class=\"wp-block-group is-layout-constrained wp-block-group-is-layout-constrained\">\n<div class=\"wp-block-group is-layout-constrained wp-block-group-is-layout-constrained\">\n<figure class=\"wp-block-table is-style-stripes\"><table class=\"has-fixed-layout\"><tbody><tr><td><\/td><td>TITULAR<\/td><td>COOKIE<\/td><td>FINALIDAD<\/td><td>CONSERVACI\u00d3N<\/td><\/tr><tr><td>T\u00e9cnicas<\/td><td>Complianze<\/td><td>cmplz_banner-status<br>cmplz_consented_services<br>cmplz_functional<br>cmplz_marketing<br>cmplz_policy_id<br>cmplz_preferences<br>cmplz_statistics<\/td><td>Controlar la aprobaci\u00f3n de cookies<\/td><td>1 a\u00f1o<\/td><\/tr><tr><td>An\u00e1lisis<\/td><td>Google Analytics<\/td><td>_ga<\/td><td>Se usa para distinguir a los usuarios.<\/td><td>2 a\u00f1os<\/td><\/tr><tr><td>An\u00e1lisis<\/td><td>Google Analytics<\/td><td>_ga_*<\/td><td>Se usa para mantener el estado de la sesi\u00f3n.<\/td><td>2 a\u00f1os<\/td><\/tr><tr><td>An\u00e1lisis<\/td><td>Pixelyoursite<\/td><td><br>last_pys_landing_page<br>last_pysTrafficSource<br>pys_first_visit<br>pys_landing_page<br>pys_session_limit<br>pys_start_session<br>pys_utm_source<br>pysTrafficSource<\/td><td>Cookies an\u00f3nimas utilizadas para facilitar el complemento &#8216;PixelYourSite&#8217; que gestiona nuestros servicios anal\u00edticos para el an\u00e1lisis de datos en Facebook<\/td><td>2 a\u00f1os<\/td><\/tr><tr><td>An\u00e1lisis<\/td><td>Facebook<\/td><td>_fbp<\/td><td>Cookie de Facebook utilizada para recoger estad\u00edsticas sobre las visitas al sitio y el rendimiento de las campa\u00f1as publicitarias<\/td><td>90 d\u00edas<\/td><\/tr><tr><td>Publicidad\/Publicidad comportamental<br><\/td><td>Google Ads<\/td><td>DSID<\/td><td>El uso de la cookie de DoubleClick permite a Google y a sus socios publicar anuncios basados en las visitas que los usuarios realizan en sus sitios o en otros sitios de Internet.<\/td><td>14 d\u00edas<\/td><\/tr><\/tbody><\/table><\/figure>\n<\/div>\n<\/div>\n\n\n\n<p><\/p>\n\n\n\n<p>T\u00e9ngase en cuenta que, si acepta las cookies de terceros, deber\u00e1 eliminarlas desde las opciones del navegador<br>o desde el sistema ofrecido por el propio tercero.<\/p>\n\n\n\n<p><br>A continuaci\u00f3n le proporcionamos los enlaces de diversos navegadores, a trav\u00e9s de los cuales podr\u00e1 modificar la<br>configuraci\u00f3n de su navegador sobre el uso de cookies:<br><\/p>\n\n\n\n<p>\u25aa Firefox desde aqu\u00ed: http:\/\/support.mozilla.org\/es\/kb\/habilitar-y-deshabilitar-cookies-que-los-sitios-we<br><br>\u25aa Chrome desde aqu\u00ed: http:\/\/support.google.com\/chrome\/bin\/answer.py?hl=es&amp;answer=95647<\/p>\n\n\n\n<p>\u25aa Explorer desde aqu\u00ed: http:\/\/windows.microsoft.com\/es-es\/internet-explorer\/delete-manage-<br>cookies#ie=ie-10<\/p>\n\n\n\n<p>\u25aa Safari desde aqu\u00ed: https:\/\/support.apple.com\/kb\/ph17191?locale=es_ES<br><br>\u25aa Opera desde aqu\u00ed: https:\/\/help.opera.com\/en\/latest\/web-preferences\/#cookies<br><\/p>\n\n\n\n<p>Para conocer m\u00e1s informaci\u00f3n sobre el tratamiento de datos personales, le recomendamos visitar nuestro<br>apartado \u201c<a href=\"https:\/\/surmasterprojects.com\/en\/politica-de-privacidad-y-aviso-legal\/\">Privacy Policy<\/a>\u201d.<\/p>","protected":false},"excerpt":{"rendered":"<p>POL\u00cdTICA DE COOKIESConforme a lo dispuesto en el art\u00edculo 22.2 de la Ley 34\/2002, de 11 de julio, de Servicios de la Sociedad de laInformaci\u00f3n y de Comercio Electr\u00f3nico (LSSI-CE) vigente, PORTO TEAM SLU debe cumplir con la obligaci\u00f3n deinformar sobre las cookies que utiliza y sus finalidades. Este sitio web utiliza cookies y\/o tecnolog\u00edas [&hellip;]<\/p>\n","protected":false},"author":1,"featured_media":0,"parent":0,"menu_order":0,"comment_status":"closed","ping_status":"closed","template":"","meta":{"_et_pb_use_builder":"off","_et_pb_old_content":"<!-- wp:paragraph -->\r\n<p><strong>POL\u00cdTICA DE COOKIES<\/strong><br>Conforme a lo dispuesto en el art\u00edculo 22.2 de la Ley 34\/2002, de 11 de julio, de Servicios de la Sociedad de la<br>Informaci\u00f3n y de Comercio Electr\u00f3nico (LSSI-CE) vigente, SUR MASTER SL debe cumplir con la obligaci\u00f3n de<br>informar sobre las cookies que utiliza y sus finalidades.<\/p>\r\n<!-- \/wp:paragraph -->\r\n\r\n<!-- wp:paragraph -->\r\n<p><br>Este sitio web utiliza cookies y\/o tecnolog\u00edas similares que almacenan y recuperan informaci\u00f3n cuando navegas.<br>Las cookies permiten a una p\u00e1gina web, entre otras cosas, almacenar y recuperar informaci\u00f3n sobre los h\u00e1bitos<br>de navegaci\u00f3n de un Usuario o de su equipo y, dependiendo de la informaci\u00f3n que contenga y de la forma en<br>que utilice su equipo, pueden utilizarse para reconocer al Usuario.<\/p>\r\n<!-- \/wp:paragraph -->\r\n\r\n<!-- wp:paragraph -->\r\n<p><br>Las cookies son esenciales para el funcionamiento de internet, aportando innumerables ventajas en la prestaci\u00f3n<br>de servicios interactivos, facilit\u00e1ndole al Usuario la navegaci\u00f3n y usabilidad de nuestra web.<br>El usuario puede modificar la configuraci\u00f3n personalizada AQUI<br>La informaci\u00f3n que le proporcionamos a continuaci\u00f3n, le ayudar\u00e1 a comprender los diferentes tipos de cookies:<\/p>\r\n<!-- \/wp:paragraph -->\r\n\r\n<!-- wp:paragraph -->\r\n<p>TIPOS DE COOKIES<\/p>\r\n<!-- \/wp:paragraph -->\r\n\r\n<!-- wp:paragraph -->\r\n<p>SEG\u00daN LA ENTIDAD QUE LAS GESTIONE<\/p>\r\n<!-- \/wp:paragraph -->\r\n\r\n<!-- wp:paragraph -->\r\n<p>COOKIES PROPIAS<\/p>\r\n<!-- \/wp:paragraph -->\r\n\r\n<!-- wp:paragraph -->\r\n<p>Son aquellas que se env\u00edan al equipo terminal del usuario desde un equipo o dominio gestionado por el propio editor y desde el que se presta el servicio solicitado por el usuario<\/p>\r\n<!-- \/wp:paragraph -->\r\n\r\n<!-- wp:paragraph -->\r\n<p>COOKIES DE TERCERO<\/p>\r\n<!-- \/wp:paragraph -->\r\n\r\n<!-- wp:paragraph -->\r\n<p>Son aquellas que se env\u00edan al equipo terminal del usuario desde un equipo o dominio que no es gestionado por el editor, sino por otra entidad que trata los datos obtenidos a trav\u00e9s de las cookies.<\/p>\r\n<!-- \/wp:paragraph -->\r\n\r\n<!-- wp:paragraph -->\r\n<p>SEG\u00daN EL PLAZO DE TIEMPO QUE PERMANEZCAN ACTIVADAS<\/p>\r\n<!-- \/wp:paragraph -->\r\n\r\n<!-- wp:paragraph -->\r\n<p>COOKIES DE SESI\u00d3N<\/p>\r\n<!-- \/wp:paragraph -->\r\n\r\n<!-- wp:paragraph -->\r\n<p>Son aquellas dise\u00f1adas para recabar y almacenar datos mientras el usuario accede a una p\u00e1gina web. Se suelen emplear para almacenar informaci\u00f3n que solo interesa conservar para la prestaci\u00f3n del servicio solicitado por el usuario en una sola ocasi\u00f3n (por ejemplo, una lista de productos adquiridos) y desaparecen al terminar la sesi\u00f3n<\/p>\r\n<!-- \/wp:paragraph -->\r\n\r\n<!-- wp:paragraph -->\r\n<p>COOKIES PERSISTENTES<\/p>\r\n<!-- \/wp:paragraph -->\r\n\r\n<!-- wp:paragraph -->\r\n<p>Son aquellas en las que los datos siguen almacenados en el terminal y pueden ser accedidos y tratados durante un periodo definido por el responsable de la cookie, y que puede ir de unos minutos a varios a\u00f1os.<\/p>\r\n<!-- \/wp:paragraph -->\r\n\r\n<!-- wp:paragraph -->\r\n<p>SEG\u00daN SU FINALIDAD<\/p>\r\n<!-- \/wp:paragraph -->\r\n\r\n<!-- wp:paragraph -->\r\n<p>COOKIES T\u00c9CNICAS<\/p>\r\n<!-- \/wp:paragraph -->\r\n\r\n<!-- wp:paragraph -->\r\n<p>Son aquellas que permiten al usuario la navegaci\u00f3n a trav\u00e9s de una p\u00e1gina web, plataforma o aplicaci\u00f3n y la utilizaci\u00f3n de las diferentes opciones o servicios que en ella existan COOKIES DE PERSONALIZACI\u00d3N Permiten aplicar caracter\u00edsticas propias para la navegaci\u00f3n del usuario por el website (Ej. idioma).<\/p>\r\n<!-- \/wp:paragraph -->\r\n\r\n<!-- wp:paragraph -->\r\n<p>COOKIES DE AN\u00c1LISIS<\/p>\r\n<!-- \/wp:paragraph -->\r\n\r\n<!-- wp:paragraph -->\r\n<p>Son aquellas que permiten al responsable de las mismas el seguimiento y an\u00e1lisis del comportamiento de los usuarios de los sitios web a los que est\u00e1n vinculadas, incluida la cuantificaci\u00f3n de los impactos de los anuncios. La informaci\u00f3n recogida mediante este tipo de cookies se utiliza en la medici\u00f3n de la actividad de los sitios web, aplicaci\u00f3n o plataforma, con el fin de introducir mejoras en funci\u00f3n del an\u00e1lisis de los datos de uso que hacen los usuarios del servicio.<\/p>\r\n<!-- \/wp:paragraph -->\r\n\r\n<!-- wp:paragraph -->\r\n<p>COOKIES PUBLICITARIAS<\/p>\r\n<!-- \/wp:paragraph -->\r\n\r\n<!-- wp:paragraph -->\r\n<p>Permiten al editor incluir en la p\u00e1gina web espacios publicitarios, seg\u00fan el contenido de la propia web.<\/p>\r\n<!-- \/wp:paragraph -->\r\n\r\n<!-- wp:paragraph -->\r\n<p>COOKIES DE PUBLICIDAD COMPORTAMENTAL<\/p>\r\n<!-- \/wp:paragraph -->\r\n\r\n<!-- wp:paragraph -->\r\n<p>Son aquellas que almacenan informaci\u00f3n del comportamiento de los usuarios obtenida a trav\u00e9s de la observaci\u00f3n continuada de sus h\u00e1bitos de navegaci\u00f3n, lo que permite desarrollar un perfil espec\u00edfico para mostrar publicidad en funci\u00f3n del<br>mismo.<\/p>\r\n<!-- \/wp:paragraph -->\r\n\r\n<!-- wp:paragraph -->\r\n<p>Adicionalmente, SUR MASTER SL informa de manera m\u00e1s detallada de las cookies que utiliza sus titulares, el<br>uso o finalidad concreta, los plazos de conservaci\u00f3n as\u00ed como de las Transferencias Internacionales de datos de<br>cada una de ellas utilizadas en nuestra p\u00e1gina web:<\/p>\r\n<!-- \/wp:paragraph -->\r\n\r\n<!-- wp:paragraph -->\r\n<p>** Puede informarse de las transferencias internacionales a terceros pa\u00edses que, en su caso, realizan los TERCEROS identificados en esta<br>pol\u00edtica de cookies en sus correspondientes pol\u00edticas (hacer click encima del titular de la cookie) **<\/p>\r\n<!-- \/wp:paragraph -->\r\n\r\n<!-- wp:paragraph -->\r\n<p>Empresa informa de manera m\u00e1s exhaustiva la informaci\u00f3n relativa a las transferencias internacionales<br>derivadas de la utilizaci\u00f3n de cookies propias:<\/p>\r\n<!-- \/wp:paragraph -->\r\n\r\n<!-- wp:paragraph -->\r\n<p>T\u00e9ngase en cuenta que, si acepta las cookies de terceros, deber\u00e1 eliminarlas desde las opciones del navegador<br>o desde el sistema ofrecido por el propio tercero.<br>A continuaci\u00f3n le proporcionamos los enlaces de diversos navegadores, a trav\u00e9s de los cuales podr\u00e1 modificar la<br>configuraci\u00f3n de su navegador sobre el uso de cookies:<br><\/p>\r\n<!-- \/wp:paragraph -->\r\n\r\n<!-- wp:paragraph -->\r\n<p>Firefox desde aqu\u00ed: http:\/\/support.mozilla.org\/es\/kb\/habilitar-y-deshabilitar-cookies-que-los-sitios-we<br><\/p>\r\n<!-- \/wp:paragraph -->\r\n\r\n<!-- wp:paragraph -->\r\n<p>Chrome desde aqu\u00ed: http:\/\/support.google.com\/chrome\/bin\/answer.py?hl=es&answer=95647<br><\/p>\r\n<!-- \/wp:paragraph -->\r\n\r\n<!-- wp:paragraph -->\r\n<p>Explorer desde aqu\u00ed: http:\/\/windows.microsoft.com\/es-es\/internet-explorer\/delete-manage-<br>cookies#ie=ie-10<br><\/p>\r\n<!-- \/wp:paragraph -->\r\n\r\n<!-- wp:paragraph -->\r\n<p>Safari desde aqu\u00ed: https:\/\/support.apple.com\/kb\/ph17191?locale=es_ES<br><\/p>\r\n<!-- \/wp:paragraph -->\r\n\r\n<!-- wp:paragraph -->\r\n<p>Opera desde aqu\u00ed: https:\/\/help.opera.com\/en\/latest\/web-preferences\/#cookies<br><\/p>\r\n<!-- \/wp:paragraph -->\r\n\r\n<!-- wp:paragraph -->\r\n<p>Para conocer m\u00e1s informaci\u00f3n sobre el tratamiento de datos personales, le recomendamos visitar nuestro<br>apartado \u201c<a href=\"https:\/\/surmasterprojects.com\/politica-de-privacidad-y-aviso-legal\/\">Pol\u00edtica de Privacidad<\/a>\u201d.<\/p>\r\n<!-- \/wp:paragraph -->","_et_gb_content_width":"","footnotes":""},"class_list":["post-6316","page","type-page","status-publish","hentry"],"yoast_head":"<!-- This site is optimized with the Yoast SEO plugin v27.4 - https:\/\/yoast.com\/product\/yoast-seo-wordpress\/ -->\n<title>Surmaster Projects<\/title>\n<meta name=\"robots\" content=\"noindex, nofollow\" \/>\n<meta property=\"og:locale\" content=\"en_GB\" \/>\n<meta property=\"og:type\" content=\"article\" \/>\n<meta property=\"og:description\" content=\"POL\u00cdTICA DE COOKIESConforme a lo dispuesto en el art\u00edculo 22.2 de la Ley 34\/2002, de 11 de julio, de Servicios de la Sociedad de laInformaci\u00f3n y de Comercio Electr\u00f3nico (LSSI-CE) vigente, PORTO TEAM SLU debe cumplir con la obligaci\u00f3n deinformar sobre las cookies que utiliza y sus finalidades. Este sitio web utiliza cookies y\/o tecnolog\u00edas [&hellip;]\" \/>\n<meta property=\"og:url\" content=\"https:\/\/surmasterprojects.com\/en\/politica-de-cookies-y-proteccion-de-datos\/\" \/>\n<meta property=\"og:site_name\" content=\"Surmaster Projects\" \/>\n<meta property=\"article:modified_time\" content=\"2024-08-01T09:49:49+00:00\" \/>\n<meta name=\"twitter:card\" content=\"summary_large_image\" \/>\n<meta name=\"twitter:label1\" content=\"Estimated reading time\" \/>\n\t<meta name=\"twitter:data1\" content=\"4 minutes\" \/>\n<script type=\"application\/ld+json\" class=\"yoast-schema-graph\">{\"@context\":\"https:\\\/\\\/schema.org\",\"@graph\":[{\"@type\":\"WebPage\",\"@id\":\"https:\\\/\\\/surmasterprojects.com\\\/politica-de-cookies-y-proteccion-de-datos\\\/\",\"url\":\"https:\\\/\\\/surmasterprojects.com\\\/politica-de-cookies-y-proteccion-de-datos\\\/\",\"name\":\"\",\"isPartOf\":{\"@id\":\"https:\\\/\\\/surmasterprojects.com\\\/es\\\/#website\"},\"datePublished\":\"2022-05-07T10:10:14+00:00\",\"dateModified\":\"2024-08-01T09:49:49+00:00\",\"breadcrumb\":{\"@id\":\"https:\\\/\\\/surmasterprojects.com\\\/politica-de-cookies-y-proteccion-de-datos\\\/#breadcrumb\"},\"inLanguage\":\"en-GB\",\"potentialAction\":[{\"@type\":\"ReadAction\",\"target\":[\"https:\\\/\\\/surmasterprojects.com\\\/politica-de-cookies-y-proteccion-de-datos\\\/\"]}]},{\"@type\":\"BreadcrumbList\",\"@id\":\"https:\\\/\\\/surmasterprojects.com\\\/politica-de-cookies-y-proteccion-de-datos\\\/#breadcrumb\",\"itemListElement\":[{\"@type\":\"ListItem\",\"position\":1,\"name\":\"Portada\",\"item\":\"https:\\\/\\\/surmasterprojects.com\\\/es\\\/\"},{\"@type\":\"ListItem\",\"position\":2,\"name\":\"Pol\u00edtica de cookies\"}]},{\"@type\":\"WebSite\",\"@id\":\"https:\\\/\\\/surmasterprojects.com\\\/es\\\/#website\",\"url\":\"https:\\\/\\\/surmasterprojects.com\\\/es\\\/\",\"name\":\"Surmaster Projects\",\"description\":\"\",\"publisher\":{\"@id\":\"https:\\\/\\\/surmasterprojects.com\\\/es\\\/#organization\"},\"potentialAction\":[{\"@type\":\"SearchAction\",\"target\":{\"@type\":\"EntryPoint\",\"urlTemplate\":\"https:\\\/\\\/surmasterprojects.com\\\/es\\\/?s={search_term_string}\"},\"query-input\":{\"@type\":\"PropertyValueSpecification\",\"valueRequired\":true,\"valueName\":\"search_term_string\"}}],\"inLanguage\":\"en-GB\"},{\"@type\":\"Organization\",\"@id\":\"https:\\\/\\\/surmasterprojects.com\\\/es\\\/#organization\",\"name\":\"Surmaster Projects\",\"url\":\"https:\\\/\\\/surmasterprojects.com\\\/es\\\/\",\"logo\":{\"@type\":\"ImageObject\",\"inLanguage\":\"en-GB\",\"@id\":\"https:\\\/\\\/surmasterprojects.com\\\/es\\\/#\\\/schema\\\/logo\\\/image\\\/\",\"url\":\"https:\\\/\\\/surmasterprojects.com\\\/wp-content\\\/uploads\\\/2022\\\/04\\\/cropped-Logo_GrupoSurmaster_negativo.png\",\"contentUrl\":\"https:\\\/\\\/surmasterprojects.com\\\/wp-content\\\/uploads\\\/2022\\\/04\\\/cropped-Logo_GrupoSurmaster_negativo.png\",\"width\":512,\"height\":512,\"caption\":\"Surmaster Projects\"},\"image\":{\"@id\":\"https:\\\/\\\/surmasterprojects.com\\\/es\\\/#\\\/schema\\\/logo\\\/image\\\/\"}}]}<\/script>\n<!-- \/ Yoast SEO plugin. -->","yoast_head_json":{"title":"Surmaster Projects","robots":{"index":"noindex","follow":"nofollow"},"og_locale":"en_GB","og_type":"article","og_description":"POL\u00cdTICA DE COOKIESConforme a lo dispuesto en el art\u00edculo 22.2 de la Ley 34\/2002, de 11 de julio, de Servicios de la Sociedad de laInformaci\u00f3n y de Comercio Electr\u00f3nico (LSSI-CE) vigente, PORTO TEAM SLU debe cumplir con la obligaci\u00f3n deinformar sobre las cookies que utiliza y sus finalidades. Este sitio web utiliza cookies y\/o tecnolog\u00edas [&hellip;]","og_url":"https:\/\/surmasterprojects.com\/en\/politica-de-cookies-y-proteccion-de-datos\/","og_site_name":"Surmaster Projects","article_modified_time":"2024-08-01T09:49:49+00:00","twitter_card":"summary_large_image","twitter_misc":{"Estimated reading time":"4 minutes"},"schema":{"@context":"https:\/\/schema.org","@graph":[{"@type":"WebPage","@id":"https:\/\/surmasterprojects.com\/politica-de-cookies-y-proteccion-de-datos\/","url":"https:\/\/surmasterprojects.com\/politica-de-cookies-y-proteccion-de-datos\/","name":"","isPartOf":{"@id":"https:\/\/surmasterprojects.com\/es\/#website"},"datePublished":"2022-05-07T10:10:14+00:00","dateModified":"2024-08-01T09:49:49+00:00","breadcrumb":{"@id":"https:\/\/surmasterprojects.com\/politica-de-cookies-y-proteccion-de-datos\/#breadcrumb"},"inLanguage":"en-GB","potentialAction":[{"@type":"ReadAction","target":["https:\/\/surmasterprojects.com\/politica-de-cookies-y-proteccion-de-datos\/"]}]},{"@type":"BreadcrumbList","@id":"https:\/\/surmasterprojects.com\/politica-de-cookies-y-proteccion-de-datos\/#breadcrumb","itemListElement":[{"@type":"ListItem","position":1,"name":"Portada","item":"https:\/\/surmasterprojects.com\/es\/"},{"@type":"ListItem","position":2,"name":"Pol\u00edtica de cookies"}]},{"@type":"WebSite","@id":"https:\/\/surmasterprojects.com\/es\/#website","url":"https:\/\/surmasterprojects.com\/es\/","name":"Surmaster Projects","description":"","publisher":{"@id":"https:\/\/surmasterprojects.com\/es\/#organization"},"potentialAction":[{"@type":"SearchAction","target":{"@type":"EntryPoint","urlTemplate":"https:\/\/surmasterprojects.com\/es\/?s={search_term_string}"},"query-input":{"@type":"PropertyValueSpecification","valueRequired":true,"valueName":"search_term_string"}}],"inLanguage":"en-GB"},{"@type":"Organization","@id":"https:\/\/surmasterprojects.com\/es\/#organization","name":"Surmaster Projects","url":"https:\/\/surmasterprojects.com\/es\/","logo":{"@type":"ImageObject","inLanguage":"en-GB","@id":"https:\/\/surmasterprojects.com\/es\/#\/schema\/logo\/image\/","url":"https:\/\/surmasterprojects.com\/wp-content\/uploads\/2022\/04\/cropped-Logo_GrupoSurmaster_negativo.png","contentUrl":"https:\/\/surmasterprojects.com\/wp-content\/uploads\/2022\/04\/cropped-Logo_GrupoSurmaster_negativo.png","width":512,"height":512,"caption":"Surmaster Projects"},"image":{"@id":"https:\/\/surmasterprojects.com\/es\/#\/schema\/logo\/image\/"}}]}},"_links":{"self":[{"href":"https:\/\/surmasterprojects.com\/en\/wp-json\/wp\/v2\/pages\/6316","targetHints":{"allow":["GET"]}}],"collection":[{"href":"https:\/\/surmasterprojects.com\/en\/wp-json\/wp\/v2\/pages"}],"about":[{"href":"https:\/\/surmasterprojects.com\/en\/wp-json\/wp\/v2\/types\/page"}],"author":[{"embeddable":true,"href":"https:\/\/surmasterprojects.com\/en\/wp-json\/wp\/v2\/users\/1"}],"replies":[{"embeddable":true,"href":"https:\/\/surmasterprojects.com\/en\/wp-json\/wp\/v2\/comments?post=6316"}],"version-history":[{"count":7,"href":"https:\/\/surmasterprojects.com\/en\/wp-json\/wp\/v2\/pages\/6316\/revisions"}],"predecessor-version":[{"id":8803,"href":"https:\/\/surmasterprojects.com\/en\/wp-json\/wp\/v2\/pages\/6316\/revisions\/8803"}],"wp:attachment":[{"href":"https:\/\/surmasterprojects.com\/en\/wp-json\/wp\/v2\/media?parent=6316"}],"curies":[{"name":"wp","href":"https:\/\/api.w.org\/{rel}","templated":true}]}}