{"id":8006,"date":"2023-11-27T17:29:10","date_gmt":"2023-11-27T17:29:10","guid":{"rendered":"https:\/\/surmasterprojects.com\/?page_id=8006"},"modified":"2024-12-11T11:21:13","modified_gmt":"2024-12-11T11:21:13","slug":"menu-cenas-navidad","status":"publish","type":"page","link":"https:\/\/surmasterprojects.com\/es\/menu-cenas-navidad\/","title":{"rendered":"Cenas de Navidad para grupos"},"content":{"rendered":"<p>[et_pb_section fb_built=\u00bb1&#8243; custom_padding_last_edited=\u00bbon|phone\u00bb _builder_version=\u00bb4.27.2&#8243; _module_preset=\u00bbdefault\u00bb width=\u00bb100%\u00bb module_alignment=\u00bbcenter\u00bb custom_margin_tablet=\u00bb\u00bb custom_margin_phone=\u00bb\u00bb custom_margin_last_edited=\u00bbon|tablet\u00bb custom_padding=\u00bb0px||0px||false|false\u00bb custom_padding_tablet=\u00bb0px||||false|false\u00bb custom_padding_phone=\u00bb0px||||false|false\u00bb global_colors_info=\u00bb{}\u00bb][et_pb_row make_equal=\u00bbon\u00bb _builder_version=\u00bb4.23.1&#8243; width=\u00bb100%\u00bb max_width=\u00bb100%\u00bb module_alignment=\u00bbcenter\u00bb height_tablet=\u00bb\u00bb height_phone=\u00bb\u00bb height_last_edited=\u00bbon|phone\u00bb custom_margin=\u00bb0px||||false|false\u00bb custom_margin_tablet=\u00bb\u00bb custom_margin_phone=\u00bb\u00bb custom_margin_last_edited=\u00bbon|desktop\u00bb custom_padding=\u00bb0px|0px|0px|0px|false|false\u00bb use_custom_width=\u00bbon\u00bb width_unit=\u00bboff\u00bb custom_width_percent=\u00bb100%\u00bb global_colors_info=\u00bb{}\u00bb][et_pb_column type=\u00bb4_4&#8243; _builder_version=\u00bb4.23.1&#8243; background_color=\u00bb#000000&#8243; use_background_color_gradient=\u00bbon\u00bb background_color_gradient_stops=\u00bbrgba(18,18,18,0.5) 0%|#121212 62%\u00bb background_color_gradient_overlays_image=\u00bbon\u00bb background_color_gradient_start=\u00bbrgba(18,18,18,0.5)\u00bb background_color_gradient_end=\u00bb#121212&#8243; background_image=\u00bbhttps:\/\/surmasterprojects.com\/wp-content\/uploads\/2022\/04\/babbo_comida6.jpg\u00bb custom_padding=\u00bb8%||5%||false|false\u00bb custom_padding_tablet=\u00bb8%||12%||false|false\u00bb custom_padding_phone=\u00bb16%||20%||false|false\u00bb custom_padding_last_edited=\u00bbon|phone\u00bb global_colors_info=\u00bb{}\u00bb padding_tablet=\u00bb80px|10%|80px|10%\u00bb padding_last_edited=\u00bbon|desktop\u00bb custom_padding__hover=\u00bb|||\u00bb padding_phone=\u00bb80px|10%|80px|10%\u00bb][et_pb_text _builder_version=\u00bb4.23.1&#8243; _module_preset=\u00bbdefault\u00bb text_text_color=\u00bb#FFFFFF\u00bb header_2_font=\u00bbNunito|600|||||||\u00bb header_2_text_color=\u00bb#FFFFFF\u00bb header_2_font_size=\u00bb47px\u00bb text_orientation=\u00bbcenter\u00bb custom_margin=\u00bb-40px||14px||false|false\u00bb custom_margin_tablet=\u00bb-40px||14px||false|false\u00bb custom_margin_phone=\u00bb-15px||||false|false\u00bb custom_margin_last_edited=\u00bbon|phone\u00bb custom_padding=\u00bb|330px||313px|false|false\u00bb custom_padding_tablet=\u00bb|15px||15px|false|true\u00bb custom_padding_phone=\u00bb\u00bb custom_padding_last_edited=\u00bbon|phone\u00bb header_2_font_tablet=\u00bb\u00bb header_2_font_phone=\u00bb\u00bb header_2_font_last_edited=\u00bbon|tablet\u00bb header_2_font_size_tablet=\u00bb29px\u00bb header_2_font_size_phone=\u00bb25px\u00bb header_2_font_size_last_edited=\u00bbon|phone\u00bb global_colors_info=\u00bb{}\u00bb]<\/p>\n<h2>CELEBRANDO LA NAVIDAD<br \/>CON SURMASTER<\/h2>\n<p>[\/et_pb_text][et_pb_text _builder_version=\u00bb4.23.1&#8243; _module_preset=\u00bbdefault\u00bb text_font=\u00bbNunito|600|||||||\u00bb text_text_color=\u00bb#f9f9f9&#8243; text_font_size=\u00bb16px\u00bb text_orientation=\u00bbcenter\u00bb custom_margin=\u00bb||5px|||\u00bb custom_padding=\u00bb|15%||15%|false|true\u00bb custom_padding_tablet=\u00bb|20px||20px|false|true\u00bb custom_padding_phone=\u00bb\u00bb custom_padding_last_edited=\u00bbon|desktop\u00bb global_colors_info=\u00bb{}\u00bb]<\/p>\n<p>Surmaster te invita a sumergirte en la atm\u00f3sfera encantadora de la temporada festiva a trav\u00e9s de propuestas gastron\u00f3micas especialmente dise\u00f1adas para tus celebraciones empresariales. \u00a1Aguardamos con entusiasmo la oportunidad de construir recuerdos inolvidables contigo!<\/p>\n<p>[\/et_pb_text][\/et_pb_column][\/et_pb_row][\/et_pb_section][et_pb_section fb_built=\u00bb1&#8243; _builder_version=\u00bb4.27.2&#8243; _module_preset=\u00bbdefault\u00bb background_color=\u00bb#000000&#8243; use_background_color_gradient=\u00bbon\u00bb background_color_gradient_stops=\u00bb#111111 0%|#000000 100%\u00bb custom_margin=\u00bb0px||||false|false\u00bb custom_padding=\u00bb5px||13px|||\u00bb global_colors_info=\u00bb{}\u00bb][et_pb_row column_structure=\u00bb1_2,1_2&#8243; use_custom_gutter=\u00bbon\u00bb gutter_width=\u00bb1&#8243; make_equal=\u00bbon\u00bb _builder_version=\u00bb4.27.2&#8243; _module_preset=\u00bbdefault\u00bb width=\u00bb95%\u00bb max_width=\u00bb95%\u00bb module_alignment=\u00bbcenter\u00bb custom_margin=\u00bb0px|auto|41px|auto|false|false\u00bb custom_margin_tablet=\u00bb|auto|41px|auto||\u00bb custom_margin_phone=\u00bb-31px||||false|false\u00bb custom_margin_last_edited=\u00bbon|phone\u00bb custom_padding=\u00bb27px||131px|||\u00bb global_colors_info=\u00bb{}\u00bb][et_pb_column type=\u00bb1_2&#8243; _builder_version=\u00bb4.23.1&#8243; _module_preset=\u00bbdefault\u00bb global_colors_info=\u00bb{}\u00bb][et_pb_image src=\u00bbhttps:\/\/surmasterprojects.com\/wp-content\/uploads\/2022\/04\/babbo_logo-e1649761340578.png\u00bb title_text=\u00bbbabbo_logo\u00bb url=\u00bbhttps:\/\/surmasterprojects.com\/es\/restaurante-babbo-portocolom\/\u00bb align=\u00bbcenter\u00bb _builder_version=\u00bb4.23.1&#8243; _module_preset=\u00bbdefault\u00bb width=\u00bb14%\u00bb width_tablet=\u00bb14%\u00bb width_phone=\u00bb26%\u00bb width_last_edited=\u00bbon|phone\u00bb max_width_tablet=\u00bb\u00bb max_width_phone=\u00bb26%\u00bb max_width_last_edited=\u00bbon|phone\u00bb global_colors_info=\u00bb{}\u00bb][\/et_pb_image][et_pb_text _builder_version=\u00bb4.23.1&#8243; _module_preset=\u00bbdefault\u00bb text_font=\u00bbNunito|700|||||||\u00bb text_text_color=\u00bb#FFFFFF\u00bb text_font_size=\u00bb17px\u00bb text_orientation=\u00bbcenter\u00bb custom_margin=\u00bb20px||||false|false\u00bb global_colors_info=\u00bb{}\u00bb]<\/p>\n<p><span style=\"color: #ffffff;\"><a href=\"https:\/\/surmasterprojects.com\/es\/restaurante-babbo-portocolom\/\" style=\"color: #ffffff;\">RESTAURANTE BABBO PORTOCOLOM<\/a><\/span><\/p>\n<p><span style=\"color: #ffffff;\">Tel\u00e9fono de reserva: 656189680<br \/>Correo: reservas.hpc@surmaster.com<\/span><\/p>\n<p>[\/et_pb_text][et_pb_button button_url=\u00bbhttps:\/\/surmasterprojects.com\/wp-content\/uploads\/2024\/11\/MENU-BABBO-GRUPOS.pdf\u00bb button_text=\u00bb\ud83c\udf84MEN\u00da NAVIDAD GRUPOS\ud83c\udf84\u00bb button_alignment=\u00bbcenter\u00bb _builder_version=\u00bb4.27.3&#8243; custom_button=\u00bbon\u00bb button_text_size=\u00bb16px\u00bb button_text_color=\u00bb#FFFFFF\u00bb button_bg_color=\u00bbrgba(13,99,0,0.55)\u00bb button_border_width=\u00bb2px\u00bb button_border_color=\u00bb#FFFFFF\u00bb button_border_radius=\u00bb40px\u00bb button_letter_spacing=\u00bb1px\u00bb button_font=\u00bbNunito|600||on|||||\u00bb button_use_icon=\u00bboff\u00bb button_rel=\u00bboff|off|off|off|off\u00bb custom_margin=\u00bb15px||35px||false|false\u00bb custom_margin_tablet=\u00bb|0px|||false|false\u00bb custom_margin_phone=\u00bb|0px|25px||false|false\u00bb custom_margin_last_edited=\u00bbon|phone\u00bb custom_padding=\u00bb18px|15px|14px|15px|false|true\u00bb custom_padding_tablet=\u00bb|40px||40px|false|true\u00bb custom_padding_phone=\u00bb|20px||20px|true|true\u00bb custom_padding_last_edited=\u00bbon|desktop\u00bb button_border_color_hover=\u00bb#c99872&#8243; button_border_radius_hover=\u00bb0px\u00bb button_letter_spacing_hover=\u00bb3px\u00bb button_bg_color_hover=\u00bb#c99872&#8243; locked=\u00bboff\u00bb global_colors_info=\u00bb{}\u00bb button_text_size__hover_enabled=\u00bboff\u00bb button_one_text_size__hover_enabled=\u00bboff\u00bb button_two_text_size__hover_enabled=\u00bboff\u00bb button_text_color__hover_enabled=\u00bbon|hover\u00bb button_one_text_color__hover_enabled=\u00bboff\u00bb button_two_text_color__hover_enabled=\u00bboff\u00bb button_border_width__hover_enabled=\u00bboff|desktop\u00bb button_one_border_width__hover_enabled=\u00bboff\u00bb button_two_border_width__hover_enabled=\u00bboff\u00bb button_border_color__hover_enabled=\u00bbon|hover\u00bb button_border_color__hover=\u00bb#000000&#8243; button_one_border_color__hover_enabled=\u00bboff\u00bb button_two_border_color__hover_enabled=\u00bboff\u00bb button_border_radius__hover_enabled=\u00bboff|hover\u00bb button_border_radius__hover=\u00bb30px\u00bb button_one_border_radius__hover_enabled=\u00bboff\u00bb button_two_border_radius__hover_enabled=\u00bboff\u00bb button_letter_spacing__hover_enabled=\u00bbon|hover\u00bb button_letter_spacing__hover=\u00bb1px\u00bb button_one_letter_spacing__hover_enabled=\u00bboff\u00bb button_two_letter_spacing__hover_enabled=\u00bboff\u00bb button_bg_color__hover_enabled=\u00bbon|hover\u00bb button_bg_color__hover=\u00bb#FFFFFF\u00bb button_one_bg_color__hover_enabled=\u00bboff\u00bb button_two_bg_color__hover_enabled=\u00bboff\u00bb button_bg_enable_color__hover=\u00bbon\u00bb button_text_color__hover=\u00bb#000000&#8243;][\/et_pb_button][\/et_pb_column][et_pb_column type=\u00bb1_2&#8243; _builder_version=\u00bb4.23.1&#8243; _module_preset=\u00bbdefault\u00bb global_colors_info=\u00bb{}\u00bb][et_pb_image src=\u00bbhttps:\/\/surmasterprojects.com\/wp-content\/uploads\/2022\/06\/Logo_HPC_blanco-1.png\u00bb title_text=\u00bbLogo_HPC_blanco\u00bb url=\u00bbhttps:\/\/surmasterprojects.com\/es\/restaurante-hpc\/\u00bb align=\u00bbcenter\u00bb _builder_version=\u00bb4.23.1&#8243; _module_preset=\u00bbdefault\u00bb width=\u00bb17%\u00bb width_tablet=\u00bb17%\u00bb width_phone=\u00bb27%\u00bb width_last_edited=\u00bbon|phone\u00bb max_width_tablet=\u00bb\u00bb max_width_phone=\u00bb27%\u00bb max_width_last_edited=\u00bbon|desktop\u00bb custom_margin=\u00bb10px||||false|false\u00bb custom_margin_tablet=\u00bb10px||||false|false\u00bb custom_margin_phone=\u00bb32px||||false|false\u00bb custom_margin_last_edited=\u00bbon|phone\u00bb global_colors_info=\u00bb{}\u00bb][\/et_pb_image][et_pb_text _builder_version=\u00bb4.23.1&#8243; _module_preset=\u00bbdefault\u00bb text_font=\u00bbNunito|700|||||||\u00bb text_text_color=\u00bb#FFFFFF\u00bb text_font_size=\u00bb17px\u00bb text_orientation=\u00bbcenter\u00bb custom_margin=\u00bb20px||||false|false\u00bb global_colors_info=\u00bb{}\u00bb]<\/p>\n<p><span style=\"color: #ffffff;\"><a href=\"https:\/\/surmasterprojects.com\/es\/restaurante-hpc\/\" style=\"color: #ffffff;\">RESTAURANTE HPC PORTOCOLOM<\/a><\/span><\/p>\n<p>Tel\u00e9fono de reserva: 656189680<br \/>Correo: reservas.hpc@surmaster.com<\/p>\n<p>[\/et_pb_text][et_pb_button button_url=\u00bbhttps:\/\/surmasterprojects.com\/wp-content\/uploads\/2024\/10\/menus-grupos-hpc-2024.pdf\u00bb button_text=\u00bb\ud83c\udf84MEN\u00da NAVIDAD GRUPOS\ud83c\udf84\u00bb button_alignment=\u00bbcenter\u00bb _builder_version=\u00bb4.27.2&#8243; custom_button=\u00bbon\u00bb button_text_size=\u00bb16px\u00bb button_text_color=\u00bb#FFFFFF\u00bb button_bg_color=\u00bbrgba(13,99,0,0.55)\u00bb button_border_width=\u00bb2px\u00bb button_border_color=\u00bb#FFFFFF\u00bb button_border_radius=\u00bb40px\u00bb button_letter_spacing=\u00bb1px\u00bb button_font=\u00bbNunito|600||on|||||\u00bb button_use_icon=\u00bboff\u00bb button_rel=\u00bboff|off|off|off|off\u00bb custom_margin=\u00bb10px||12px||false|false\u00bb custom_margin_tablet=\u00bb|0px|||false|false\u00bb custom_margin_phone=\u00bb13px|0px|25px||false|false\u00bb custom_margin_last_edited=\u00bbon|phone\u00bb custom_padding=\u00bb18px|15px|14px|15px|false|true\u00bb custom_padding_tablet=\u00bb|40px||40px|false|true\u00bb custom_padding_phone=\u00bb|20px||20px|true|true\u00bb custom_padding_last_edited=\u00bbon|desktop\u00bb button_border_color_hover=\u00bb#c99872&#8243; button_border_radius_hover=\u00bb0px\u00bb button_letter_spacing_hover=\u00bb3px\u00bb button_bg_color_hover=\u00bb#c99872&#8243; locked=\u00bboff\u00bb global_colors_info=\u00bb{}\u00bb button_text_size__hover_enabled=\u00bboff\u00bb button_one_text_size__hover_enabled=\u00bboff\u00bb button_two_text_size__hover_enabled=\u00bboff\u00bb button_text_color__hover_enabled=\u00bbon|hover\u00bb button_one_text_color__hover_enabled=\u00bboff\u00bb button_two_text_color__hover_enabled=\u00bboff\u00bb button_border_width__hover_enabled=\u00bboff|desktop\u00bb button_one_border_width__hover_enabled=\u00bboff\u00bb button_two_border_width__hover_enabled=\u00bboff\u00bb button_border_color__hover_enabled=\u00bbon|hover\u00bb button_border_color__hover=\u00bb#000000&#8243; button_one_border_color__hover_enabled=\u00bboff\u00bb button_two_border_color__hover_enabled=\u00bboff\u00bb button_border_radius__hover_enabled=\u00bboff|hover\u00bb button_border_radius__hover=\u00bb30px\u00bb button_one_border_radius__hover_enabled=\u00bboff\u00bb button_two_border_radius__hover_enabled=\u00bboff\u00bb button_letter_spacing__hover_enabled=\u00bbon|hover\u00bb button_letter_spacing__hover=\u00bb1px\u00bb button_one_letter_spacing__hover_enabled=\u00bboff\u00bb button_two_letter_spacing__hover_enabled=\u00bboff\u00bb button_bg_color__hover_enabled=\u00bbon|hover\u00bb button_bg_color__hover=\u00bb#FFFFFF\u00bb button_one_bg_color__hover_enabled=\u00bboff\u00bb button_two_bg_color__hover_enabled=\u00bboff\u00bb button_bg_enable_color__hover=\u00bbon\u00bb button_text_color__hover=\u00bb#000000&#8243;][\/et_pb_button][et_pb_button button_url=\u00bbhttps:\/\/surmasterprojects.com\/wp-content\/uploads\/2024\/12\/NOCHE-VIEJA-HPC-2025.pdf\u00bb button_text=\u00bb\ud83c\udf84MEN\u00da NOCHEVIEJA\ud83c\udf84\u00bb button_alignment=\u00bbcenter\u00bb _builder_version=\u00bb4.27.4&#8243; custom_button=\u00bbon\u00bb button_text_size=\u00bb16px\u00bb button_text_color=\u00bb#FFFFFF\u00bb button_bg_color=\u00bbrgba(13,99,0,0.55)\u00bb button_border_width=\u00bb2px\u00bb button_border_color=\u00bb#FFFFFF\u00bb button_border_radius=\u00bb40px\u00bb button_letter_spacing=\u00bb1px\u00bb button_font=\u00bbNunito|600||on|||||\u00bb button_use_icon=\u00bboff\u00bb button_rel=\u00bboff|off|off|off|off\u00bb custom_margin=\u00bb5px||12px||false|false\u00bb custom_margin_tablet=\u00bb|0px|||false|false\u00bb custom_margin_phone=\u00bb|0px|25px||false|false\u00bb custom_margin_last_edited=\u00bbon|phone\u00bb custom_padding=\u00bb18px|37px|14px|37px|false|true\u00bb custom_padding_tablet=\u00bb|40px||40px|false|true\u00bb custom_padding_phone=\u00bb|20px||20px|true|true\u00bb custom_padding_last_edited=\u00bbon|desktop\u00bb hover_enabled=\u00bb0&#8243; button_border_color_hover=\u00bb#c99872&#8243; button_border_radius_hover=\u00bb0px\u00bb button_letter_spacing_hover=\u00bb3px\u00bb button_bg_color_hover=\u00bb#c99872&#8243; locked=\u00bboff\u00bb global_colors_info=\u00bb{}\u00bb button_text_size__hover_enabled=\u00bboff\u00bb button_one_text_size__hover_enabled=\u00bboff\u00bb button_two_text_size__hover_enabled=\u00bboff\u00bb button_text_color__hover_enabled=\u00bbon|hover\u00bb button_one_text_color__hover_enabled=\u00bboff\u00bb button_two_text_color__hover_enabled=\u00bboff\u00bb button_border_width__hover_enabled=\u00bboff|desktop\u00bb button_one_border_width__hover_enabled=\u00bboff\u00bb button_two_border_width__hover_enabled=\u00bboff\u00bb button_border_color__hover_enabled=\u00bbon|hover\u00bb button_border_color__hover=\u00bb#000000&#8243; button_one_border_color__hover_enabled=\u00bboff\u00bb button_two_border_color__hover_enabled=\u00bboff\u00bb button_border_radius__hover_enabled=\u00bboff|hover\u00bb button_border_radius__hover=\u00bb30px\u00bb button_one_border_radius__hover_enabled=\u00bboff\u00bb button_two_border_radius__hover_enabled=\u00bboff\u00bb button_letter_spacing__hover_enabled=\u00bbon|hover\u00bb button_letter_spacing__hover=\u00bb1px\u00bb button_one_letter_spacing__hover_enabled=\u00bboff\u00bb button_two_letter_spacing__hover_enabled=\u00bboff\u00bb button_bg_color__hover_enabled=\u00bbon|hover\u00bb button_bg_color__hover=\u00bb#FFFFFF\u00bb button_one_bg_color__hover_enabled=\u00bboff\u00bb button_two_bg_color__hover_enabled=\u00bboff\u00bb button_bg_enable_color__hover=\u00bbon\u00bb button_text_color__hover=\u00bb#000000&#8243; sticky_enabled=\u00bb0&#8243;][\/et_pb_button][\/et_pb_column][\/et_pb_row][\/et_pb_section]<\/p>\n","protected":false},"excerpt":{"rendered":"<p>CELEBRANDO LA NAVIDADCON SURMASTERSurmaster te invita a sumergirte en la atm\u00f3sfera encantadora de la temporada festiva a trav\u00e9s de propuestas gastron\u00f3micas especialmente dise\u00f1adas para tus celebraciones empresariales. \u00a1Aguardamos con entusiasmo la oportunidad de construir recuerdos inolvidables contigo!RESTAURANTE BABBO PORTOCOLOM Tel\u00e9fono de reserva: 656189680Correo: reservas.hpc@surmaster.comRESTAURANTE HPC PORTOCOLOM Tel\u00e9fono de reserva: 656189680Correo: reservas.hpc@surmaster.com<\/p>\n","protected":false},"author":1,"featured_media":8025,"parent":0,"menu_order":0,"comment_status":"closed","ping_status":"closed","template":"","meta":{"_et_pb_use_builder":"on","_et_pb_old_content":"","_et_gb_content_width":"","footnotes":""},"class_list":["post-8006","page","type-page","status-publish","has-post-thumbnail","hentry"],"yoast_head":"<!-- This site is optimized with the Yoast SEO plugin v27.4 - https:\/\/yoast.com\/product\/yoast-seo-wordpress\/ -->\n<title>Surmaster Projects<\/title>\n<meta name=\"robots\" content=\"noindex, follow\" \/>\n<meta property=\"og:locale\" content=\"es_ES\" \/>\n<meta property=\"og:type\" content=\"article\" \/>\n<meta property=\"og:description\" content=\"CELEBRANDO LA NAVIDADCON SURMASTERSurmaster te invita a sumergirte en la atm\u00f3sfera encantadora de la temporada festiva a trav\u00e9s de propuestas gastron\u00f3micas especialmente dise\u00f1adas para tus celebraciones empresariales. \u00a1Aguardamos con entusiasmo la oportunidad de construir recuerdos inolvidables contigo!RESTAURANTE BABBO PORTOCOLOM Tel\u00e9fono de reserva: 656189680Correo: reservas.hpc@surmaster.comRESTAURANTE HPC PORTOCOLOM Tel\u00e9fono de reserva: 656189680Correo: reservas.hpc@surmaster.com\" \/>\n<meta property=\"og:url\" content=\"https:\/\/surmasterprojects.com\/es\/menu-cenas-navidad\/\" \/>\n<meta property=\"og:site_name\" content=\"Surmaster Projects\" \/>\n<meta property=\"article:modified_time\" content=\"2024-12-11T11:21:13+00:00\" \/>\n<meta property=\"og:image\" content=\"https:\/\/surmasterprojects.com\/wp-content\/uploads\/2023\/11\/crhistmas.png\" \/>\n\t<meta property=\"og:image:width\" content=\"1197\" \/>\n\t<meta property=\"og:image:height\" content=\"787\" \/>\n\t<meta property=\"og:image:type\" content=\"image\/png\" \/>\n<meta name=\"twitter:card\" content=\"summary_large_image\" \/>\n<meta name=\"twitter:label1\" content=\"Tiempo de lectura\" \/>\n\t<meta name=\"twitter:data1\" content=\"3 minutos\" \/>\n<script type=\"application\/ld+json\" class=\"yoast-schema-graph\">{\"@context\":\"https:\\\/\\\/schema.org\",\"@graph\":[{\"@type\":\"WebPage\",\"@id\":\"https:\\\/\\\/surmasterprojects.com\\\/menu-cenas-navidad\\\/\",\"url\":\"https:\\\/\\\/surmasterprojects.com\\\/menu-cenas-navidad\\\/\",\"name\":\"\",\"isPartOf\":{\"@id\":\"https:\\\/\\\/surmasterprojects.com\\\/es\\\/#website\"},\"primaryImageOfPage\":{\"@id\":\"https:\\\/\\\/surmasterprojects.com\\\/menu-cenas-navidad\\\/#primaryimage\"},\"image\":{\"@id\":\"https:\\\/\\\/surmasterprojects.com\\\/menu-cenas-navidad\\\/#primaryimage\"},\"thumbnailUrl\":\"https:\\\/\\\/surmasterprojects.com\\\/wp-content\\\/uploads\\\/2023\\\/11\\\/crhistmas.png\",\"datePublished\":\"2023-11-27T17:29:10+00:00\",\"dateModified\":\"2024-12-11T11:21:13+00:00\",\"breadcrumb\":{\"@id\":\"https:\\\/\\\/surmasterprojects.com\\\/menu-cenas-navidad\\\/#breadcrumb\"},\"inLanguage\":\"es\",\"potentialAction\":[{\"@type\":\"ReadAction\",\"target\":[\"https:\\\/\\\/surmasterprojects.com\\\/menu-cenas-navidad\\\/\"]}]},{\"@type\":\"ImageObject\",\"inLanguage\":\"es\",\"@id\":\"https:\\\/\\\/surmasterprojects.com\\\/menu-cenas-navidad\\\/#primaryimage\",\"url\":\"https:\\\/\\\/surmasterprojects.com\\\/wp-content\\\/uploads\\\/2023\\\/11\\\/crhistmas.png\",\"contentUrl\":\"https:\\\/\\\/surmasterprojects.com\\\/wp-content\\\/uploads\\\/2023\\\/11\\\/crhistmas.png\",\"width\":1197,\"height\":787},{\"@type\":\"BreadcrumbList\",\"@id\":\"https:\\\/\\\/surmasterprojects.com\\\/menu-cenas-navidad\\\/#breadcrumb\",\"itemListElement\":[{\"@type\":\"ListItem\",\"position\":1,\"name\":\"Portada\",\"item\":\"https:\\\/\\\/surmasterprojects.com\\\/es\\\/\"},{\"@type\":\"ListItem\",\"position\":2,\"name\":\"Cenas de Navidad para grupos\"}]},{\"@type\":\"WebSite\",\"@id\":\"https:\\\/\\\/surmasterprojects.com\\\/es\\\/#website\",\"url\":\"https:\\\/\\\/surmasterprojects.com\\\/es\\\/\",\"name\":\"Surmaster Projects\",\"description\":\"\",\"publisher\":{\"@id\":\"https:\\\/\\\/surmasterprojects.com\\\/es\\\/#organization\"},\"potentialAction\":[{\"@type\":\"SearchAction\",\"target\":{\"@type\":\"EntryPoint\",\"urlTemplate\":\"https:\\\/\\\/surmasterprojects.com\\\/es\\\/?s={search_term_string}\"},\"query-input\":{\"@type\":\"PropertyValueSpecification\",\"valueRequired\":true,\"valueName\":\"search_term_string\"}}],\"inLanguage\":\"es\"},{\"@type\":\"Organization\",\"@id\":\"https:\\\/\\\/surmasterprojects.com\\\/es\\\/#organization\",\"name\":\"Surmaster Projects\",\"url\":\"https:\\\/\\\/surmasterprojects.com\\\/es\\\/\",\"logo\":{\"@type\":\"ImageObject\",\"inLanguage\":\"es\",\"@id\":\"https:\\\/\\\/surmasterprojects.com\\\/es\\\/#\\\/schema\\\/logo\\\/image\\\/\",\"url\":\"https:\\\/\\\/surmasterprojects.com\\\/wp-content\\\/uploads\\\/2022\\\/04\\\/cropped-Logo_GrupoSurmaster_negativo.png\",\"contentUrl\":\"https:\\\/\\\/surmasterprojects.com\\\/wp-content\\\/uploads\\\/2022\\\/04\\\/cropped-Logo_GrupoSurmaster_negativo.png\",\"width\":512,\"height\":512,\"caption\":\"Surmaster Projects\"},\"image\":{\"@id\":\"https:\\\/\\\/surmasterprojects.com\\\/es\\\/#\\\/schema\\\/logo\\\/image\\\/\"}}]}<\/script>\n<!-- \/ Yoast SEO plugin. -->","yoast_head_json":{"title":"Surmaster Projects","robots":{"index":"noindex","follow":"follow"},"og_locale":"es_ES","og_type":"article","og_description":"CELEBRANDO LA NAVIDADCON SURMASTERSurmaster te invita a sumergirte en la atm\u00f3sfera encantadora de la temporada festiva a trav\u00e9s de propuestas gastron\u00f3micas especialmente dise\u00f1adas para tus celebraciones empresariales. \u00a1Aguardamos con entusiasmo la oportunidad de construir recuerdos inolvidables contigo!RESTAURANTE BABBO PORTOCOLOM Tel\u00e9fono de reserva: 656189680Correo: reservas.hpc@surmaster.comRESTAURANTE HPC PORTOCOLOM Tel\u00e9fono de reserva: 656189680Correo: reservas.hpc@surmaster.com","og_url":"https:\/\/surmasterprojects.com\/es\/menu-cenas-navidad\/","og_site_name":"Surmaster Projects","article_modified_time":"2024-12-11T11:21:13+00:00","og_image":[{"width":1197,"height":787,"url":"https:\/\/surmasterprojects.com\/wp-content\/uploads\/2023\/11\/crhistmas.png","type":"image\/png"}],"twitter_card":"summary_large_image","twitter_misc":{"Tiempo de lectura":"3 minutos"},"schema":{"@context":"https:\/\/schema.org","@graph":[{"@type":"WebPage","@id":"https:\/\/surmasterprojects.com\/menu-cenas-navidad\/","url":"https:\/\/surmasterprojects.com\/menu-cenas-navidad\/","name":"","isPartOf":{"@id":"https:\/\/surmasterprojects.com\/es\/#website"},"primaryImageOfPage":{"@id":"https:\/\/surmasterprojects.com\/menu-cenas-navidad\/#primaryimage"},"image":{"@id":"https:\/\/surmasterprojects.com\/menu-cenas-navidad\/#primaryimage"},"thumbnailUrl":"https:\/\/surmasterprojects.com\/wp-content\/uploads\/2023\/11\/crhistmas.png","datePublished":"2023-11-27T17:29:10+00:00","dateModified":"2024-12-11T11:21:13+00:00","breadcrumb":{"@id":"https:\/\/surmasterprojects.com\/menu-cenas-navidad\/#breadcrumb"},"inLanguage":"es","potentialAction":[{"@type":"ReadAction","target":["https:\/\/surmasterprojects.com\/menu-cenas-navidad\/"]}]},{"@type":"ImageObject","inLanguage":"es","@id":"https:\/\/surmasterprojects.com\/menu-cenas-navidad\/#primaryimage","url":"https:\/\/surmasterprojects.com\/wp-content\/uploads\/2023\/11\/crhistmas.png","contentUrl":"https:\/\/surmasterprojects.com\/wp-content\/uploads\/2023\/11\/crhistmas.png","width":1197,"height":787},{"@type":"BreadcrumbList","@id":"https:\/\/surmasterprojects.com\/menu-cenas-navidad\/#breadcrumb","itemListElement":[{"@type":"ListItem","position":1,"name":"Portada","item":"https:\/\/surmasterprojects.com\/es\/"},{"@type":"ListItem","position":2,"name":"Cenas de Navidad para grupos"}]},{"@type":"WebSite","@id":"https:\/\/surmasterprojects.com\/es\/#website","url":"https:\/\/surmasterprojects.com\/es\/","name":"Surmaster Projects","description":"","publisher":{"@id":"https:\/\/surmasterprojects.com\/es\/#organization"},"potentialAction":[{"@type":"SearchAction","target":{"@type":"EntryPoint","urlTemplate":"https:\/\/surmasterprojects.com\/es\/?s={search_term_string}"},"query-input":{"@type":"PropertyValueSpecification","valueRequired":true,"valueName":"search_term_string"}}],"inLanguage":"es"},{"@type":"Organization","@id":"https:\/\/surmasterprojects.com\/es\/#organization","name":"Surmaster Projects","url":"https:\/\/surmasterprojects.com\/es\/","logo":{"@type":"ImageObject","inLanguage":"es","@id":"https:\/\/surmasterprojects.com\/es\/#\/schema\/logo\/image\/","url":"https:\/\/surmasterprojects.com\/wp-content\/uploads\/2022\/04\/cropped-Logo_GrupoSurmaster_negativo.png","contentUrl":"https:\/\/surmasterprojects.com\/wp-content\/uploads\/2022\/04\/cropped-Logo_GrupoSurmaster_negativo.png","width":512,"height":512,"caption":"Surmaster Projects"},"image":{"@id":"https:\/\/surmasterprojects.com\/es\/#\/schema\/logo\/image\/"}}]}},"_links":{"self":[{"href":"https:\/\/surmasterprojects.com\/es\/wp-json\/wp\/v2\/pages\/8006","targetHints":{"allow":["GET"]}}],"collection":[{"href":"https:\/\/surmasterprojects.com\/es\/wp-json\/wp\/v2\/pages"}],"about":[{"href":"https:\/\/surmasterprojects.com\/es\/wp-json\/wp\/v2\/types\/page"}],"author":[{"embeddable":true,"href":"https:\/\/surmasterprojects.com\/es\/wp-json\/wp\/v2\/users\/1"}],"replies":[{"embeddable":true,"href":"https:\/\/surmasterprojects.com\/es\/wp-json\/wp\/v2\/comments?post=8006"}],"version-history":[{"count":19,"href":"https:\/\/surmasterprojects.com\/es\/wp-json\/wp\/v2\/pages\/8006\/revisions"}],"predecessor-version":[{"id":9054,"href":"https:\/\/surmasterprojects.com\/es\/wp-json\/wp\/v2\/pages\/8006\/revisions\/9054"}],"wp:featuredmedia":[{"embeddable":true,"href":"https:\/\/surmasterprojects.com\/es\/wp-json\/wp\/v2\/media\/8025"}],"wp:attachment":[{"href":"https:\/\/surmasterprojects.com\/es\/wp-json\/wp\/v2\/media?parent=8006"}],"curies":[{"name":"wp","href":"https:\/\/api.w.org\/{rel}","templated":true}]}}